{"id":14085,"date":"2025-09-07T22:02:09","date_gmt":"2025-09-07T22:02:09","guid":{"rendered":"https:\/\/shopine.site\/?post_type=product&#038;p=14085"},"modified":"2025-10-05T21:39:00","modified_gmt":"2025-10-05T21:39:00","slug":"site-expertfolio","status":"publish","type":"product","link":"https:\/\/shopine.site\/ar\/product\/site-expertfolio\/","title":{"rendered":"Site ExpertFolio"},"content":{"rendered":"","protected":false},"excerpt":{"rendered":"<p>Des sites modernes et \u00e9l\u00e9gants, sp\u00e9cialement con\u00e7us pour les experts et professionnels. Mettez en valeur votre portfolio avec des designs originaux, professionnels et adapt\u00e9s \u00e0 votre image.<\/p>","protected":false},"featured_media":15502,"comment_status":"open","ping_status":"closed","template":"","meta":[],"product_brand":[],"product_cat":[178],"product_tag":[183],"class_list":{"0":"post-14085","1":"product","2":"type-product","3":"status-publish","4":"has-post-thumbnail","6":"product_cat-site-portfolio","7":"product_tag-expertfolio-site","9":"first","10":"instock","11":"featured","12":"shipping-taxable","13":"purchasable","14":"product-type-simple"},"_links":{"self":[{"href":"https:\/\/shopine.site\/ar\/wp-json\/wp\/v2\/product\/14085","targetHints":{"allow":["GET"]}}],"collection":[{"href":"https:\/\/shopine.site\/ar\/wp-json\/wp\/v2\/product"}],"about":[{"href":"https:\/\/shopine.site\/ar\/wp-json\/wp\/v2\/types\/product"}],"replies":[{"embeddable":true,"href":"https:\/\/shopine.site\/ar\/wp-json\/wp\/v2\/comments?post=14085"}],"wp:featuredmedia":[{"embeddable":true,"href":"https:\/\/shopine.site\/ar\/wp-json\/wp\/v2\/media\/15502"}],"wp:attachment":[{"href":"https:\/\/shopine.site\/ar\/wp-json\/wp\/v2\/media?parent=14085"}],"wp:term":[{"taxonomy":"product_brand","embeddable":true,"href":"https:\/\/shopine.site\/ar\/wp-json\/wp\/v2\/product_brand?post=14085"},{"taxonomy":"product_cat","embeddable":true,"href":"https:\/\/shopine.site\/ar\/wp-json\/wp\/v2\/product_cat?post=14085"},{"taxonomy":"product_tag","embeddable":true,"href":"https:\/\/shopine.site\/ar\/wp-json\/wp\/v2\/product_tag?post=14085"}],"curies":[{"name":"wp","href":"https:\/\/api.w.org\/{rel}","templated":true}]}}