{"id":13473,"date":"2025-08-26T01:29:35","date_gmt":"2025-08-26T01:29:35","guid":{"rendered":"https:\/\/shopine.site\/?post_type=product&#038;p=13473"},"modified":"2025-10-05T09:10:08","modified_gmt":"2025-10-05T09:10:08","slug":"site-profolio","status":"publish","type":"product","link":"https:\/\/shopine.site\/ar\/product\/site-profolio\/","title":{"rendered":"Site ProFolio"},"content":{"rendered":"","protected":false},"excerpt":{"rendered":"<p>La solution id\u00e9ale pour les professionnels qui souhaitent un espace digital complet et organis\u00e9. Chaque page est d\u00e9di\u00e9e \u00e0 une partie de votre univers : pr\u00e9sentation, r\u00e9alisations, services, t\u00e9moignages, contact, et plus encore.<\/p>","protected":false},"featured_media":11092,"comment_status":"open","ping_status":"closed","template":"","meta":[],"product_brand":[],"product_cat":[178],"product_tag":[180],"class_list":{"0":"post-13473","1":"product","2":"type-product","3":"status-publish","4":"has-post-thumbnail","6":"product_cat-site-portfolio","7":"product_tag-profolio-site","9":"first","10":"instock","11":"shipping-taxable","12":"purchasable","13":"product-type-variable"},"_links":{"self":[{"href":"https:\/\/shopine.site\/ar\/wp-json\/wp\/v2\/product\/13473","targetHints":{"allow":["GET"]}}],"collection":[{"href":"https:\/\/shopine.site\/ar\/wp-json\/wp\/v2\/product"}],"about":[{"href":"https:\/\/shopine.site\/ar\/wp-json\/wp\/v2\/types\/product"}],"replies":[{"embeddable":true,"href":"https:\/\/shopine.site\/ar\/wp-json\/wp\/v2\/comments?post=13473"}],"wp:featuredmedia":[{"embeddable":true,"href":"https:\/\/shopine.site\/ar\/wp-json\/wp\/v2\/media\/11092"}],"wp:attachment":[{"href":"https:\/\/shopine.site\/ar\/wp-json\/wp\/v2\/media?parent=13473"}],"wp:term":[{"taxonomy":"product_brand","embeddable":true,"href":"https:\/\/shopine.site\/ar\/wp-json\/wp\/v2\/product_brand?post=13473"},{"taxonomy":"product_cat","embeddable":true,"href":"https:\/\/shopine.site\/ar\/wp-json\/wp\/v2\/product_cat?post=13473"},{"taxonomy":"product_tag","embeddable":true,"href":"https:\/\/shopine.site\/ar\/wp-json\/wp\/v2\/product_tag?post=13473"}],"curies":[{"name":"wp","href":"https:\/\/api.w.org\/{rel}","templated":true}]}}