{"id":13432,"date":"2025-08-26T01:14:20","date_gmt":"2025-08-26T01:14:20","guid":{"rendered":"https:\/\/shopine.site\/?post_type=product&#038;p=13432"},"modified":"2025-10-05T21:45:29","modified_gmt":"2025-10-05T21:45:29","slug":"site-unifolio","status":"publish","type":"product","link":"https:\/\/shopine.site\/ar\/product\/site-unifolio\/","title":{"rendered":"Site Unifolio"},"content":{"rendered":"","protected":false},"excerpt":{"rendered":"<p>Pr\u00e9sentez votre parcours, vos projets et vos comp\u00e9tences de mani\u00e8re claire et percutante, le tout sur une seule page fluide et moderne. Con\u00e7u pour s\u2019adapter \u00e0 tous les m\u00e9tiers.<\/p>","protected":false},"featured_media":15482,"comment_status":"open","ping_status":"closed","template":"","meta":[],"product_brand":[],"product_cat":[178],"product_tag":[179],"class_list":{"0":"post-13432","1":"product","2":"type-product","3":"status-publish","4":"has-post-thumbnail","6":"product_cat-site-portfolio","7":"product_tag-unifolio-site","9":"first","10":"instock","11":"shipping-taxable","12":"purchasable","13":"product-type-variable"},"_links":{"self":[{"href":"https:\/\/shopine.site\/ar\/wp-json\/wp\/v2\/product\/13432","targetHints":{"allow":["GET"]}}],"collection":[{"href":"https:\/\/shopine.site\/ar\/wp-json\/wp\/v2\/product"}],"about":[{"href":"https:\/\/shopine.site\/ar\/wp-json\/wp\/v2\/types\/product"}],"replies":[{"embeddable":true,"href":"https:\/\/shopine.site\/ar\/wp-json\/wp\/v2\/comments?post=13432"}],"wp:featuredmedia":[{"embeddable":true,"href":"https:\/\/shopine.site\/ar\/wp-json\/wp\/v2\/media\/15482"}],"wp:attachment":[{"href":"https:\/\/shopine.site\/ar\/wp-json\/wp\/v2\/media?parent=13432"}],"wp:term":[{"taxonomy":"product_brand","embeddable":true,"href":"https:\/\/shopine.site\/ar\/wp-json\/wp\/v2\/product_brand?post=13432"},{"taxonomy":"product_cat","embeddable":true,"href":"https:\/\/shopine.site\/ar\/wp-json\/wp\/v2\/product_cat?post=13432"},{"taxonomy":"product_tag","embeddable":true,"href":"https:\/\/shopine.site\/ar\/wp-json\/wp\/v2\/product_tag?post=13432"}],"curies":[{"name":"wp","href":"https:\/\/api.w.org\/{rel}","templated":true}]}}