{"id":13350,"date":"2025-08-25T23:53:34","date_gmt":"2025-08-25T23:53:34","guid":{"rendered":"https:\/\/shopine.site\/?post_type=product&#038;p=13350"},"modified":"2025-10-05T16:40:50","modified_gmt":"2025-10-05T16:40:50","slug":"site-immobook","status":"publish","type":"product","link":"https:\/\/shopine.site\/ar\/product\/site-immobook\/","title":{"rendered":"Site Immobook"},"content":{"rendered":"","protected":false},"excerpt":{"rendered":"<p>Que vous soyez agent immobilier, promoteur ou particulier, ImmoBook vous aide \u00e0 gagner en visibilit\u00e9 et \u00e0 conclure plus rapidement vos ventes ou locations.<\/p>","protected":false},"featured_media":15455,"comment_status":"open","ping_status":"closed","template":"","meta":[],"product_brand":[],"product_cat":[174,163],"product_tag":[175],"class_list":{"0":"post-13350","1":"product","2":"type-product","3":"status-publish","4":"has-post-thumbnail","6":"product_cat-immobilier","7":"product_cat-site-prise-de-rendez-vous","8":"product_tag-immobook-site","10":"first","11":"instock","12":"shipping-taxable","13":"purchasable","14":"product-type-simple"},"_links":{"self":[{"href":"https:\/\/shopine.site\/ar\/wp-json\/wp\/v2\/product\/13350","targetHints":{"allow":["GET"]}}],"collection":[{"href":"https:\/\/shopine.site\/ar\/wp-json\/wp\/v2\/product"}],"about":[{"href":"https:\/\/shopine.site\/ar\/wp-json\/wp\/v2\/types\/product"}],"replies":[{"embeddable":true,"href":"https:\/\/shopine.site\/ar\/wp-json\/wp\/v2\/comments?post=13350"}],"wp:featuredmedia":[{"embeddable":true,"href":"https:\/\/shopine.site\/ar\/wp-json\/wp\/v2\/media\/15455"}],"wp:attachment":[{"href":"https:\/\/shopine.site\/ar\/wp-json\/wp\/v2\/media?parent=13350"}],"wp:term":[{"taxonomy":"product_brand","embeddable":true,"href":"https:\/\/shopine.site\/ar\/wp-json\/wp\/v2\/product_brand?post=13350"},{"taxonomy":"product_cat","embeddable":true,"href":"https:\/\/shopine.site\/ar\/wp-json\/wp\/v2\/product_cat?post=13350"},{"taxonomy":"product_tag","embeddable":true,"href":"https:\/\/shopine.site\/ar\/wp-json\/wp\/v2\/product_tag?post=13350"}],"curies":[{"name":"wp","href":"https:\/\/api.w.org\/{rel}","templated":true}]}}