{"id":13308,"date":"2025-08-25T22:34:51","date_gmt":"2025-08-25T22:34:51","guid":{"rendered":"https:\/\/shopine.site\/?post_type=product&#038;p=13308"},"modified":"2025-10-05T12:29:27","modified_gmt":"2025-10-05T12:29:27","slug":"site-beautyrdv","status":"publish","type":"product","link":"https:\/\/shopine.site\/ar\/product\/site-beautyrdv\/","title":{"rendered":"Site BeautyRDV"},"content":{"rendered":"","protected":false},"excerpt":{"rendered":"<p>la solution id\u00e9ale pour les esth\u00e9ticiennes et coiffeurs qui souhaitent professionnaliser leur activit\u00e9. Gr\u00e2ce \u00e0 un site de r\u00e9servation en ligne, vos clients peuvent consulter vos services, d\u00e9couvrir vos tarifs, visualiser vos disponibilit\u00e9s et prendre rendez-vous.<\/p>","protected":false},"featured_media":15451,"comment_status":"open","ping_status":"closed","template":"","meta":[],"product_brand":[],"product_cat":[172,171,163],"product_tag":[173],"class_list":{"0":"post-13308","1":"product","2":"type-product","3":"status-publish","4":"has-post-thumbnail","6":"product_cat-coiffeur","7":"product_cat-esthetique","8":"product_cat-site-prise-de-rendez-vous","9":"product_tag-beautyrdv-site","11":"first","12":"instock","13":"shipping-taxable","14":"purchasable","15":"product-type-variable"},"_links":{"self":[{"href":"https:\/\/shopine.site\/ar\/wp-json\/wp\/v2\/product\/13308","targetHints":{"allow":["GET"]}}],"collection":[{"href":"https:\/\/shopine.site\/ar\/wp-json\/wp\/v2\/product"}],"about":[{"href":"https:\/\/shopine.site\/ar\/wp-json\/wp\/v2\/types\/product"}],"replies":[{"embeddable":true,"href":"https:\/\/shopine.site\/ar\/wp-json\/wp\/v2\/comments?post=13308"}],"wp:featuredmedia":[{"embeddable":true,"href":"https:\/\/shopine.site\/ar\/wp-json\/wp\/v2\/media\/15451"}],"wp:attachment":[{"href":"https:\/\/shopine.site\/ar\/wp-json\/wp\/v2\/media?parent=13308"}],"wp:term":[{"taxonomy":"product_brand","embeddable":true,"href":"https:\/\/shopine.site\/ar\/wp-json\/wp\/v2\/product_brand?post=13308"},{"taxonomy":"product_cat","embeddable":true,"href":"https:\/\/shopine.site\/ar\/wp-json\/wp\/v2\/product_cat?post=13308"},{"taxonomy":"product_tag","embeddable":true,"href":"https:\/\/shopine.site\/ar\/wp-json\/wp\/v2\/product_tag?post=13308"}],"curies":[{"name":"wp","href":"https:\/\/api.w.org\/{rel}","templated":true}]}}