{"id":12095,"date":"2025-08-22T09:46:30","date_gmt":"2025-08-22T09:46:30","guid":{"rendered":"https:\/\/shopine.site\/?post_type=product&#038;p=12095"},"modified":"2025-10-05T09:10:33","modified_gmt":"2025-10-05T09:10:33","slug":"landing-page-store","status":"publish","type":"product","link":"https:\/\/shopine.site\/ar\/product\/landing-page-store\/","title":{"rendered":"Landing Page package"},"content":{"rendered":"","protected":false},"excerpt":{"rendered":"<p>Le Landing Page Package est une solution cl\u00e9 en main con\u00e7ue pour ceux qui veulent vendre en ligne de mani\u00e8re simple et efficace. Avec ce pack, vous obtenez une landing page optimis\u00e9e pour pr\u00e9senter et vendre votre produit, ce site peut \u00e9voluer dans le futur et devenir une <strong data-start=\"318\" data-end=\"348\">boutique en ligne compl\u00e8te<\/strong> si vous souhaitez d\u00e9velopper votre activit\u00e9.<\/p>","protected":false},"featured_media":11092,"comment_status":"open","ping_status":"closed","template":"","meta":[],"product_brand":[],"product_cat":[159],"product_tag":[184],"class_list":{"0":"post-12095","1":"product","2":"type-product","3":"status-publish","4":"has-post-thumbnail","6":"product_cat-landing-page","7":"product_tag-page-package","9":"first","10":"instock","11":"shipping-taxable","12":"purchasable","13":"product-type-variable"},"_links":{"self":[{"href":"https:\/\/shopine.site\/ar\/wp-json\/wp\/v2\/product\/12095","targetHints":{"allow":["GET"]}}],"collection":[{"href":"https:\/\/shopine.site\/ar\/wp-json\/wp\/v2\/product"}],"about":[{"href":"https:\/\/shopine.site\/ar\/wp-json\/wp\/v2\/types\/product"}],"replies":[{"embeddable":true,"href":"https:\/\/shopine.site\/ar\/wp-json\/wp\/v2\/comments?post=12095"}],"wp:featuredmedia":[{"embeddable":true,"href":"https:\/\/shopine.site\/ar\/wp-json\/wp\/v2\/media\/11092"}],"wp:attachment":[{"href":"https:\/\/shopine.site\/ar\/wp-json\/wp\/v2\/media?parent=12095"}],"wp:term":[{"taxonomy":"product_brand","embeddable":true,"href":"https:\/\/shopine.site\/ar\/wp-json\/wp\/v2\/product_brand?post=12095"},{"taxonomy":"product_cat","embeddable":true,"href":"https:\/\/shopine.site\/ar\/wp-json\/wp\/v2\/product_cat?post=12095"},{"taxonomy":"product_tag","embeddable":true,"href":"https:\/\/shopine.site\/ar\/wp-json\/wp\/v2\/product_tag?post=12095"}],"curies":[{"name":"wp","href":"https:\/\/api.w.org\/{rel}","templated":true}]}}