{"id":8601,"date":"2025-06-23T20:23:24","date_gmt":"2025-06-23T20:23:24","guid":{"rendered":"https:\/\/shopine.site\/404-error\/"},"modified":"2025-08-23T17:56:06","modified_gmt":"2025-08-23T17:56:06","slug":"404-error","status":"publish","type":"page","link":"https:\/\/shopine.site\/ar\/404-error\/","title":{"rendered":"404 Error"},"content":{"rendered":"<style>.elementor-8601 .elementor-element.elementor-element-44d6ac9{--display:flex;--min-height:150px;--flex-direction:column;--container-widget-width:100%;--container-widget-height:initial;--container-widget-flex-grow:0;--container-widget-align-self:initial;--flex-wrap-mobile:wrap;--justify-content:center;--gap:8px 8px;--row-gap:8px;--column-gap:8px;}.elementor-8601 .elementor-element.elementor-element-44d6ac9:not(.elementor-motion-effects-element-type-background), .elementor-8601 .elementor-element.elementor-element-44d6ac9 > .elementor-motion-effects-container > .elementor-motion-effects-layer{background-color:#FFF9F2;}.elementor-8601 .elementor-element.elementor-element-25fbd88{text-align:center;}.elementor-8601 .elementor-element.elementor-element-25fbd88 .elementor-heading-title{font-family:\"Inter\", Sans-serif;font-size:38px;font-weight:bold;line-height:1em;color:var( --e-global-color-458550c );}.elementor-8601 .elementor-element.elementor-element-17d35e95{--display:flex;--flex-direction:column;--container-widget-width:100%;--container-widget-height:initial;--container-widget-flex-grow:0;--container-widget-align-self:initial;--flex-wrap-mobile:wrap;--padding-top:85px;--padding-bottom:85px;--padding-left:030px;--padding-right:30px;}.elementor-8601 .elementor-element.elementor-element-42b6228b{--display:flex;}.elementor-8601 .elementor-element.elementor-element-19e7c953{text-align:center;margin:0px 0px calc(var(--kit-widget-spacing, 0px) + 0px) 0px;width:100%;max-width:100%;}.elementor-8601 .elementor-element.elementor-element-19e7c953 .elementor-heading-title{font-size:100px;line-height:1em;color:#000000;}.elementor-8601 .elementor-element.elementor-element-19e7c953.elementor-element{--align-self:center;}.elementor-8601 .elementor-element.elementor-element-583f1cda{text-align:center;color:#525252;margin:014px 0px calc(var(--kit-widget-spacing, 0px) + 25px) 0px;padding:0% 25% 0% 25%;}.elementor-8601 .elementor-element.elementor-element-4d5a8297 .elementor-button{background-color:#FF3D00;}.elementor-8601 .elementor-element.elementor-element-4d5a8297 .elementor-button:hover, .elementor-8601 .elementor-element.elementor-element-4d5a8297 .elementor-button:focus{background-color:#000000;}.elementor-8601 .elementor-element.elementor-element-4d5a8297{width:100%;max-width:100%;}.elementor-8601 .elementor-element.elementor-element-4d5a8297.elementor-element{--align-self:flex-end;}:root{--page-title-display:none;}@media(max-width:1730px){.elementor-8601 .elementor-element.elementor-element-583f1cda{padding:0% 18% 0% 18%;}}@media(max-width:1279px){.elementor-8601 .elementor-element.elementor-element-44d6ac9{--min-height:140px;--gap:5px 5px;--row-gap:5px;--column-gap:5px;}.elementor-8601 .elementor-element.elementor-element-25fbd88 .elementor-heading-title{font-size:32px;}.elementor-8601 .elementor-element.elementor-element-19e7c953 .elementor-heading-title{font-size:80px;}.elementor-8601 .elementor-element.elementor-element-19e7c953{margin:0px 0px calc(var(--kit-widget-spacing, 0px) + 0px) 0px;}.elementor-8601 .elementor-element.elementor-element-583f1cda{padding:0% 10% 0% 10%;}}@media(max-width:639px){.elementor-8601 .elementor-element.elementor-element-44d6ac9{--min-height:90px;--margin-top:0px;--margin-bottom:0px;--margin-left:0px;--margin-right:0px;--padding-top:0px;--padding-bottom:0px;--padding-left:0px;--padding-right:0px;}.elementor-8601 .elementor-element.elementor-element-25fbd88 .elementor-heading-title{font-size:25px;}.elementor-8601 .elementor-element.elementor-element-17d35e95{--padding-top:10px;--padding-bottom:80px;--padding-left:20px;--padding-right:20px;}.elementor-8601 .elementor-element.elementor-element-19e7c953 .elementor-heading-title{font-size:45px;}.elementor-8601 .elementor-element.elementor-element-19e7c953{margin:0px 0px calc(var(--kit-widget-spacing, 0px) + 5px) 0px;}.elementor-8601 .elementor-element.elementor-element-583f1cda{font-size:16px;margin:10px 0px calc(var(--kit-widget-spacing, 0px) + 30px) 0px;padding:0% 0% 0% 0%;}}<\/style>\t\t<div data-elementor-type=\"wp-page\" data-elementor-id=\"8601\" class=\"elementor elementor-8601\">\n\t\t\t\t<div class=\"elementor-element elementor-element-44d6ac9 e-flex e-con-boxed e-con e-parent\" data-id=\"44d6ac9\" data-element_type=\"container\" data-e-type=\"container\" data-settings=\"{&quot;background_background&quot;:&quot;classic&quot;}\">\n\t\t\t\t\t<div class=\"e-con-inner\">\n\t\t\t\t<div class=\"elementor-element elementor-element-25fbd88 elementor-widget elementor-widget-heading\" data-id=\"25fbd88\" data-element_type=\"widget\" data-e-type=\"widget\" data-widget_type=\"heading.default\">\n\t\t\t\t\t<h1 class=\"elementor-heading-title elementor-size-default\">Erreur 404<\/h1>\t\t\t\t<\/div>\n\t\t\t\t\t<\/div>\n\t\t\t\t<\/div>\n\t\t<div class=\"elementor-element elementor-element-17d35e95 e-flex e-con-boxed e-con e-parent\" data-id=\"17d35e95\" data-element_type=\"container\" data-e-type=\"container\">\n\t\t\t\t\t<div class=\"e-con-inner\">\n\t\t<div class=\"elementor-element elementor-element-42b6228b e-con-full e-flex elementor-invisible e-con e-child\" data-id=\"42b6228b\" data-element_type=\"container\" data-e-type=\"container\" data-settings=\"{&quot;animation&quot;:&quot;fadeInUp&quot;}\">\n\t\t\t\t<div class=\"elementor-element elementor-element-19e7c953 elementor-widget__width-inherit elementor-widget elementor-widget-heading\" data-id=\"19e7c953\" data-element_type=\"widget\" data-e-type=\"widget\" data-widget_type=\"heading.default\">\n\t\t\t\t\t<h2 class=\"elementor-heading-title elementor-size-default\">Page introuvable<\/h2>\t\t\t\t<\/div>\n\t\t\t\t<div class=\"elementor-element elementor-element-583f1cda elementor-widget elementor-widget-text-editor\" data-id=\"583f1cda\" data-element_type=\"widget\" data-e-type=\"widget\" data-widget_type=\"text-editor.default\">\n\t\t\t\t\t\t\t\t\t<p>D\u00e9sol\u00e9, la page que vous recherchez n\u2019existe pas ou n\u2019est plus disponible.<br data-start=\"245\" data-end=\"248\" \/>Elle a peut-\u00eatre \u00e9t\u00e9 d\u00e9plac\u00e9e, supprim\u00e9e, ou le lien est incorrect.<\/p>\t\t\t\t\t\t\t\t<\/div>\n\t\t\t\t<div class=\"elementor-element elementor-element-4d5a8297 elementor-align-center elementor-widget__width-inherit elementor-widget elementor-widget-button\" data-id=\"4d5a8297\" data-element_type=\"widget\" data-e-type=\"widget\" data-widget_type=\"button.default\">\n\t\t\t\t\t\t\t\t\t\t<a class=\"elementor-button elementor-button-link elementor-size-sm\" href=\"https:\/\/shopine.site\/ar\/\">\n\t\t\t\t\t\t<span class=\"elementor-button-content-wrapper\">\n\t\t\t\t\t\t\t\t\t<span class=\"elementor-button-text\">revenir \u00e0 l\u2019accueil<\/span>\n\t\t\t\t\t<\/span>\n\t\t\t\t\t<\/a>\n\t\t\t\t\t\t\t\t<\/div>\n\t\t\t\t<\/div>\n\t\t\t\t\t<\/div>\n\t\t\t\t<\/div>\n\t\t\t\t<\/div>","protected":false},"excerpt":{"rendered":"<p>Erreur 404 Page introuvable D\u00e9sol\u00e9, la page que vous recherchez n\u2019existe pas ou n\u2019est plus disponible.Elle a peut-\u00eatre \u00e9t\u00e9 d\u00e9plac\u00e9e, supprim\u00e9e, ou le lien est incorrect. revenir \u00e0 l\u2019accueil<\/p>","protected":false},"author":1,"featured_media":0,"parent":0,"menu_order":0,"comment_status":"closed","ping_status":"closed","template":"","meta":{"footnotes":""},"class_list":["post-8601","page","type-page","status-publish","hentry"],"_links":{"self":[{"href":"https:\/\/shopine.site\/ar\/wp-json\/wp\/v2\/pages\/8601","targetHints":{"allow":["GET"]}}],"collection":[{"href":"https:\/\/shopine.site\/ar\/wp-json\/wp\/v2\/pages"}],"about":[{"href":"https:\/\/shopine.site\/ar\/wp-json\/wp\/v2\/types\/page"}],"author":[{"embeddable":true,"href":"https:\/\/shopine.site\/ar\/wp-json\/wp\/v2\/users\/1"}],"replies":[{"embeddable":true,"href":"https:\/\/shopine.site\/ar\/wp-json\/wp\/v2\/comments?post=8601"}],"version-history":[{"count":58,"href":"https:\/\/shopine.site\/ar\/wp-json\/wp\/v2\/pages\/8601\/revisions"}],"predecessor-version":[{"id":12685,"href":"https:\/\/shopine.site\/ar\/wp-json\/wp\/v2\/pages\/8601\/revisions\/12685"}],"wp:attachment":[{"href":"https:\/\/shopine.site\/ar\/wp-json\/wp\/v2\/media?parent=8601"}],"curies":[{"name":"wp","href":"https:\/\/api.w.org\/{rel}","templated":true}]}}