{"id":16601,"date":"2025-11-08T17:33:28","date_gmt":"2025-11-08T17:33:28","guid":{"rendered":"https:\/\/shopine.site\/?page_id=16601"},"modified":"2026-02-25T16:50:53","modified_gmt":"2026-02-25T16:50:53","slug":"bientot-disponible","status":"publish","type":"page","link":"https:\/\/shopine.site\/ar\/","title":{"rendered":"Bient\u00f4t disponible"},"content":{"rendered":"\t\t<div data-elementor-type=\"wp-page\" data-elementor-id=\"16601\" class=\"elementor elementor-16601\">\n\t\t\t\t<div class=\"elementor-element elementor-element-cf6ce4b e-con-full e-flex e-con e-parent\" data-id=\"cf6ce4b\" data-element_type=\"container\" data-e-type=\"container\">\n\t\t<div class=\"elementor-element elementor-element-674177a e-con-full e-flex e-con e-child\" data-id=\"674177a\" data-element_type=\"container\" data-e-type=\"container\">\n\t\t\t\t<div class=\"elementor-element elementor-element-a6689a3 elementor-widget__width-inherit elementor-absolute elementor-widget elementor-widget-image\" data-id=\"a6689a3\" data-element_type=\"widget\" data-e-type=\"widget\" data-settings=\"{&quot;_position&quot;:&quot;absolute&quot;}\" data-widget_type=\"image.default\">\n\t\t\t\t\t\t\t\t\t\t\t\t\t\t\t<img decoding=\"async\" width=\"250\" height=\"70\" src=\"https:\/\/shopine.site\/wp-content\/uploads\/2025\/08\/Closia-3.png\" class=\"attachment-full size-full wp-image-15130\" alt=\"\" srcset=\"https:\/\/shopine.site\/wp-content\/uploads\/2025\/08\/Closia-3.png 250w, https:\/\/shopine.site\/wp-content\/uploads\/2025\/08\/Closia-3-18x5.png 18w\" sizes=\"(max-width: 250px) 100vw, 250px\" \/>\t\t\t\t\t\t\t\t\t\t\t\t\t\t\t<\/div>\n\t\t<div class=\"elementor-element elementor-element-e306ea8 e-flex e-con-boxed e-con e-child\" data-id=\"e306ea8\" data-element_type=\"container\" data-e-type=\"container\">\n\t\t\t\t\t<div class=\"e-con-inner\">\n\t\t\t\t<div class=\"elementor-element elementor-element-0ff94ec elementor-widget elementor-widget-heading\" data-id=\"0ff94ec\" data-element_type=\"widget\" data-e-type=\"widget\" data-widget_type=\"heading.default\">\n\t\t\t\t\t<div class=\"elementor-heading-title elementor-size-default\">R\u00e9ster connecter car notre site <\/div>\t\t\t\t<\/div>\n\t\t\t\t<div class=\"elementor-element elementor-element-ebea4f5 elementor-invisible elementor-widget elementor-widget-heading\" data-id=\"ebea4f5\" data-element_type=\"widget\" data-e-type=\"widget\" data-settings=\"{&quot;_animation&quot;:&quot;zoomIn&quot;,&quot;_animation_mobile&quot;:&quot;zoomIn&quot;}\" data-widget_type=\"heading.default\">\n\t\t\t\t\t<div class=\"elementor-heading-title elementor-size-default\">Arrive bient\u00f4t<\/div>\t\t\t\t<\/div>\n\t\t\t\t<div class=\"elementor-element elementor-element-28a82ba elementor-widget__width-initial elementor-widget-mobile__width-inherit elementor-widget-tablet__width-initial elementor-widget elementor-widget-text-editor\" data-id=\"28a82ba\" data-element_type=\"widget\" data-e-type=\"widget\" data-widget_type=\"text-editor.default\">\n\t\t\t\t\t\t\t\t\t<p data-start=\"93\" data-end=\"359\"><strong data-start=\"284\" data-end=\"438\">Nous sommes sur le point de lancer notre site, alors n\u2019h\u00e9sitez pas \u00e0 nous encourager et \u00e0 revenir \u00e0 tout moment ! Nous avons h\u00e2te de vous accueillir !<\/strong><br data-start=\"438\" data-end=\"441\" \/>M\u00eame avant le lancement officiel, nous pouvons d\u00e9j\u00e0 cr\u00e9er votre site ou vous pr\u00e9senter nos d\u00e9mos d\u00e9j\u00e0 r\u00e9alis\u00e9es.<br data-start=\"553\" data-end=\"556\" \/>\u00a0<strong data-start=\"559\" data-end=\"599\">Envoyez-nous un message sur WhatsApp<\/strong> pour plus d\u2019explications ou pour d\u00e9marrer !<\/p><p data-start=\"361\" data-end=\"416\">\u00a0<\/p>\t\t\t\t\t\t\t\t<\/div>\n\t\t\t\t<div class=\"elementor-element elementor-element-29d2bfb elementor-grid-mobile-3 e-grid-align-mobile-center elementor-shape-rounded elementor-grid-0 e-grid-align-center elementor-widget elementor-widget-social-icons\" data-id=\"29d2bfb\" data-element_type=\"widget\" data-e-type=\"widget\" data-widget_type=\"social-icons.default\">\n\t\t\t\t\t\t\t<div class=\"elementor-social-icons-wrapper elementor-grid\" role=\"list\">\n\t\t\t\t\t\t\t<span class=\"elementor-grid-item\" role=\"listitem\">\n\t\t\t\t\t<a class=\"elementor-icon elementor-social-icon elementor-social-icon-jki-facebook-light elementor-repeater-item-a6a3faa\" href=\"https:\/\/www.facebook.com\/profile.php?id=100083253496518\" target=\"_blank\">\n\t\t\t\t\t\t<span class=\"elementor-screen-only\">Jki-facebook-light<\/span>\n\t\t\t\t\t\t<i aria-hidden=\"true\" class=\"jki jki-facebook-light\"><\/i>\t\t\t\t\t<\/a>\n\t\t\t\t<\/span>\n\t\t\t\t\t\t\t<span class=\"elementor-grid-item\" role=\"listitem\">\n\t\t\t\t\t<a class=\"elementor-icon elementor-social-icon elementor-social-icon-icon-tiktok-square elementor-repeater-item-c30b86f\" href=\"https:\/\/www.tiktok.com\/@shopinedz\" target=\"_blank\">\n\t\t\t\t\t\t<span class=\"elementor-screen-only\">Icon-tiktok-square<\/span>\n\t\t\t\t\t\t<i aria-hidden=\"true\" class=\"icon icon-tiktok-square\"><\/i>\t\t\t\t\t<\/a>\n\t\t\t\t<\/span>\n\t\t\t\t\t\t\t<span class=\"elementor-grid-item\" role=\"listitem\">\n\t\t\t\t\t<a class=\"elementor-icon elementor-social-icon elementor-social-icon-jki-instagram-1-light elementor-repeater-item-1135c9f\" href=\"https:\/\/www.instagram.com\/shopine_store\/\" target=\"_blank\">\n\t\t\t\t\t\t<span class=\"elementor-screen-only\">Jki-instagram-1-light<\/span>\n\t\t\t\t\t\t<i aria-hidden=\"true\" class=\"jki jki-instagram-1-light\"><\/i>\t\t\t\t\t<\/a>\n\t\t\t\t<\/span>\n\t\t\t\t\t<\/div>\n\t\t\t\t\t\t<\/div>\n\t\t\t\t\t<\/div>\n\t\t\t\t<\/div>\n\t\t\t\t<\/div>\n\t\t<div class=\"elementor-element elementor-element-d04fae3 e-con-full e-flex e-con e-child\" data-id=\"d04fae3\" data-element_type=\"container\" data-e-type=\"container\" data-settings=\"{&quot;background_background&quot;:&quot;classic&quot;}\">\n\t\t<div class=\"elementor-element elementor-element-809856f e-con-full e-flex e-con e-child\" data-id=\"809856f\" data-element_type=\"container\" data-e-type=\"container\">\n\t\t\t\t<div class=\"elementor-element elementor-element-e356540 elementor-widget elementor-widget-html\" data-id=\"e356540\" data-element_type=\"widget\" data-e-type=\"widget\" data-widget_type=\"html.default\">\n\t\t\t\t\t<style>.swiper-slide-image{cursor: pointer;} <\/style>\n\n\n\n<script>\n\ndocument.addEventListener('DOMContentLoaded', function () {\n\n\n\n\/* Edit the URL Links Here *\/\n\nlet links = [\n\n    'https:\/\/shopine.shop\/?s=cr%C3%A9me+hydratante+&ct_post_type=page%3Aproduct',\n\n    'https:\/\/shopine.shop\/?s=serum&ct_post_type=page%3Aproduct',\n\n    'https:\/\/shopine.shop\/?s=eye+cream+&ct_post_type=page%3Aproduct',\n\n    'https:\/\/shopine.shop\/?s=anua&ct_post_type=page%3Aproduct',\n\n];\n\n\n\ndocument.body.addEventListener('click', function (e) {\n\n    if (e.target.closest('.carousel-links .swiper-slide')){\n\n    let i = e.target.closest('.swiper-slide').getAttribute(\"data-swiper-slide-index\");\n\n    if (links[i] && links[i].length > 2){\n\n    window.open(links[i]);\n\n    }\n\n    }\n\n});\n\n});\n\n<\/script>\t\t\t\t<\/div>\n\t\t\t\t<div class=\"elementor-element elementor-element-ebd9751 carousel-links elementor-widget elementor-widget-image-carousel\" data-id=\"ebd9751\" data-element_type=\"widget\" data-e-type=\"widget\" data-settings=\"{&quot;slides_to_show&quot;:&quot;3&quot;,&quot;slides_to_show_tablet&quot;:&quot;1&quot;,&quot;slides_to_show_mobile&quot;:&quot;2&quot;,&quot;navigation&quot;:&quot;none&quot;,&quot;autoplay_speed&quot;:0,&quot;speed&quot;:2000,&quot;image_spacing_custom_mobile&quot;:{&quot;unit&quot;:&quot;px&quot;,&quot;size&quot;:7,&quot;sizes&quot;:[]},&quot;autoplay&quot;:&quot;yes&quot;,&quot;pause_on_interaction&quot;:&quot;yes&quot;,&quot;infinite&quot;:&quot;yes&quot;,&quot;image_spacing_custom&quot;:{&quot;unit&quot;:&quot;px&quot;,&quot;size&quot;:20,&quot;sizes&quot;:[]},&quot;image_spacing_custom_laptop&quot;:{&quot;unit&quot;:&quot;px&quot;,&quot;size&quot;:&quot;&quot;,&quot;sizes&quot;:[]}}\" data-widget_type=\"image-carousel.default\">\n\t\t\t\t\t\t\t<div class=\"elementor-image-carousel-wrapper swiper\" role=\"region\" aria-roledescription=\"carousel\" aria-label=\"Image Carousel\" dir=\"ltr\">\n\t\t\t<div class=\"elementor-image-carousel swiper-wrapper swiper-image-stretch\" aria-live=\"off\">\n\t\t\t\t\t\t\t\t<div class=\"swiper-slide\" role=\"group\" aria-roledescription=\"slide\" aria-label=\"1 sur 8\"><figure class=\"swiper-slide-inner\"><img decoding=\"async\" class=\"swiper-slide-image\" src=\"https:\/\/shopine.site\/wp-content\/uploads\/2025\/10\/show-site-12.png\" alt=\"show site\" \/><\/figure><\/div><div class=\"swiper-slide\" role=\"group\" aria-roledescription=\"slide\" aria-label=\"2 sur 8\"><figure class=\"swiper-slide-inner\"><img decoding=\"async\" class=\"swiper-slide-image\" src=\"https:\/\/shopine.site\/wp-content\/uploads\/2025\/10\/show-site-11.png\" alt=\"show site\" \/><\/figure><\/div><div class=\"swiper-slide\" role=\"group\" aria-roledescription=\"slide\" aria-label=\"3 sur 8\"><figure class=\"swiper-slide-inner\"><img decoding=\"async\" class=\"swiper-slide-image\" src=\"https:\/\/shopine.site\/wp-content\/uploads\/2025\/10\/show-site-9.png\" alt=\"show site\" \/><\/figure><\/div><div class=\"swiper-slide\" role=\"group\" aria-roledescription=\"slide\" aria-label=\"4 sur 8\"><figure class=\"swiper-slide-inner\"><img decoding=\"async\" class=\"swiper-slide-image\" src=\"https:\/\/shopine.site\/wp-content\/uploads\/2025\/10\/show-site-7.png\" alt=\"show site\" \/><\/figure><\/div><div class=\"swiper-slide\" role=\"group\" aria-roledescription=\"slide\" aria-label=\"5 sur 8\"><figure class=\"swiper-slide-inner\"><img decoding=\"async\" class=\"swiper-slide-image\" src=\"https:\/\/shopine.site\/wp-content\/uploads\/2025\/10\/show-site-6.png\" alt=\"show site\" \/><\/figure><\/div><div class=\"swiper-slide\" role=\"group\" aria-roledescription=\"slide\" aria-label=\"6 sur 8\"><figure class=\"swiper-slide-inner\"><img decoding=\"async\" class=\"swiper-slide-image\" src=\"https:\/\/shopine.site\/wp-content\/uploads\/2025\/10\/MA.png\" alt=\"MA\" \/><\/figure><\/div><div class=\"swiper-slide\" role=\"group\" aria-roledescription=\"slide\" aria-label=\"7 sur 8\"><figure class=\"swiper-slide-inner\"><img decoding=\"async\" class=\"swiper-slide-image\" src=\"https:\/\/shopine.site\/wp-content\/uploads\/2025\/10\/show-site-8.png\" alt=\"show site\" \/><\/figure><\/div><div class=\"swiper-slide\" role=\"group\" aria-roledescription=\"slide\" aria-label=\"8 sur 8\"><figure class=\"swiper-slide-inner\"><img decoding=\"async\" class=\"swiper-slide-image\" src=\"https:\/\/shopine.site\/wp-content\/uploads\/2025\/10\/show-site-10.png\" alt=\"show site\" \/><\/figure><\/div>\t\t\t<\/div>\n\t\t\t\t\t\t\t\n\t\t\t\t\t\t\t\t\t<\/div>\n\t\t\t\t\t\t<\/div>\n\t\t\t\t<\/div>\n\t\t<div class=\"elementor-element elementor-element-19bade6 e-con-full e-flex e-con e-child\" data-id=\"19bade6\" data-element_type=\"container\" data-e-type=\"container\">\n\t\t\t\t<div class=\"elementor-element elementor-element-af4e26d elementor-widget elementor-widget-html\" data-id=\"af4e26d\" data-element_type=\"widget\" data-e-type=\"widget\" data-widget_type=\"html.default\">\n\t\t\t\t\t<style>.swiper-slide-image{cursor: pointer;} <\/style>\n\n\n\n<script>\n\ndocument.addEventListener('DOMContentLoaded', function () {\n\n\n\n\/* Edit the URL Links Here *\/\n\nlet links = [\n\n    'https:\/\/shopine.shop\/?s=cr%C3%A9me+hydratante+&ct_post_type=page%3Aproduct',\n\n    'https:\/\/shopine.shop\/?s=serum&ct_post_type=page%3Aproduct',\n\n    'https:\/\/shopine.shop\/?s=eye+cream+&ct_post_type=page%3Aproduct',\n\n    'https:\/\/shopine.shop\/?s=anua&ct_post_type=page%3Aproduct',\n\n];\n\n\n\ndocument.body.addEventListener('click', function (e) {\n\n    if (e.target.closest('.carousel-links .swiper-slide')){\n\n    let i = e.target.closest('.swiper-slide').getAttribute(\"data-swiper-slide-index\");\n\n    if (links[i] && links[i].length > 2){\n\n    window.open(links[i]);\n\n    }\n\n    }\n\n});\n\n});\n\n<\/script>\t\t\t\t<\/div>\n\t\t\t\t<div class=\"elementor-element elementor-element-db71c56 carousel-links elementor-widget elementor-widget-image-carousel\" data-id=\"db71c56\" data-element_type=\"widget\" data-e-type=\"widget\" data-settings=\"{&quot;slides_to_show&quot;:&quot;3&quot;,&quot;slides_to_show_tablet&quot;:&quot;1&quot;,&quot;slides_to_show_mobile&quot;:&quot;2&quot;,&quot;navigation&quot;:&quot;none&quot;,&quot;autoplay_speed&quot;:0,&quot;speed&quot;:2000,&quot;image_spacing_custom_mobile&quot;:{&quot;unit&quot;:&quot;px&quot;,&quot;size&quot;:7,&quot;sizes&quot;:[]},&quot;autoplay&quot;:&quot;yes&quot;,&quot;pause_on_interaction&quot;:&quot;yes&quot;,&quot;infinite&quot;:&quot;yes&quot;,&quot;image_spacing_custom&quot;:{&quot;unit&quot;:&quot;px&quot;,&quot;size&quot;:20,&quot;sizes&quot;:[]},&quot;image_spacing_custom_laptop&quot;:{&quot;unit&quot;:&quot;px&quot;,&quot;size&quot;:&quot;&quot;,&quot;sizes&quot;:[]}}\" data-widget_type=\"image-carousel.default\">\n\t\t\t\t\t\t\t<div class=\"elementor-image-carousel-wrapper swiper\" role=\"region\" aria-roledescription=\"carousel\" aria-label=\"Image Carousel\" dir=\"rtl\">\n\t\t\t<div class=\"elementor-image-carousel swiper-wrapper swiper-image-stretch\" aria-live=\"off\">\n\t\t\t\t\t\t\t\t<div class=\"swiper-slide\" role=\"group\" aria-roledescription=\"slide\" aria-label=\"1 sur 8\"><figure class=\"swiper-slide-inner\"><img decoding=\"async\" class=\"swiper-slide-image\" src=\"https:\/\/shopine.site\/wp-content\/uploads\/2025\/10\/show-site-3.png\" alt=\"show site\" \/><\/figure><\/div><div class=\"swiper-slide\" role=\"group\" aria-roledescription=\"slide\" aria-label=\"2 sur 8\"><figure class=\"swiper-slide-inner\"><img decoding=\"async\" class=\"swiper-slide-image\" src=\"https:\/\/shopine.site\/wp-content\/uploads\/2025\/08\/rez.png\" alt=\"rez\" \/><\/figure><\/div><div class=\"swiper-slide\" role=\"group\" aria-roledescription=\"slide\" aria-label=\"3 sur 8\"><figure class=\"swiper-slide-inner\"><img decoding=\"async\" class=\"swiper-slide-image\" src=\"https:\/\/shopine.site\/wp-content\/uploads\/2025\/08\/mqls.png\" alt=\"mqls\" \/><\/figure><\/div><div class=\"swiper-slide\" role=\"group\" aria-roledescription=\"slide\" aria-label=\"4 sur 8\"><figure class=\"swiper-slide-inner\"><img decoding=\"async\" class=\"swiper-slide-image\" src=\"https:\/\/shopine.site\/wp-content\/uploads\/2025\/09\/show-site.png\" alt=\"show site\" \/><\/figure><\/div><div class=\"swiper-slide\" role=\"group\" aria-roledescription=\"slide\" aria-label=\"5 sur 8\"><figure class=\"swiper-slide-inner\"><img decoding=\"async\" class=\"swiper-slide-image\" src=\"https:\/\/shopine.site\/wp-content\/uploads\/2025\/08\/ytg.png\" alt=\"ytg$\" \/><\/figure><\/div><div class=\"swiper-slide\" role=\"group\" aria-roledescription=\"slide\" aria-label=\"6 sur 8\"><figure class=\"swiper-slide-inner\"><img decoding=\"async\" class=\"swiper-slide-image\" src=\"https:\/\/shopine.site\/wp-content\/uploads\/2025\/08\/dss.png\" alt=\"dss\" \/><\/figure><\/div><div class=\"swiper-slide\" role=\"group\" aria-roledescription=\"slide\" aria-label=\"7 sur 8\"><figure class=\"swiper-slide-inner\"><img decoding=\"async\" class=\"swiper-slide-image\" src=\"https:\/\/shopine.site\/wp-content\/uploads\/2025\/08\/eaz.png\" alt=\"eaz\" \/><\/figure><\/div><div class=\"swiper-slide\" role=\"group\" aria-roledescription=\"slide\" aria-label=\"8 sur 8\"><figure class=\"swiper-slide-inner\"><img decoding=\"async\" class=\"swiper-slide-image\" src=\"https:\/\/shopine.site\/wp-content\/uploads\/2025\/09\/Design-sans-titre.png\" alt=\"Design sans titre\" \/><\/figure><\/div>\t\t\t<\/div>\n\t\t\t\t\t\t\t\n\t\t\t\t\t\t\t\t\t<\/div>\n\t\t\t\t\t\t<\/div>\n\t\t\t\t<\/div>\n\t\t\t\t<\/div>\n\t\t\t\t<\/div>\n\t\t\t\t<\/div>\n\t\t","protected":false},"excerpt":{"rendered":"<p>R\u00e9ster connecter car notre site Arrive bient\u00f4t Nous sommes sur le point de lancer notre site, alors n\u2019h\u00e9sitez pas \u00e0 nous encourager et \u00e0 revenir \u00e0 tout moment ! Nous avons h\u00e2te de vous accueillir !M\u00eame avant le lancement officiel, nous pouvons d\u00e9j\u00e0 cr\u00e9er votre site ou vous pr\u00e9senter nos&hellip;<\/p>","protected":false},"author":1,"featured_media":0,"parent":0,"menu_order":0,"comment_status":"closed","ping_status":"closed","template":"elementor_canvas","meta":{"footnotes":""},"class_list":["post-16601","page","type-page","status-publish","hentry"],"_links":{"self":[{"href":"https:\/\/shopine.site\/ar\/wp-json\/wp\/v2\/pages\/16601","targetHints":{"allow":["GET"]}}],"collection":[{"href":"https:\/\/shopine.site\/ar\/wp-json\/wp\/v2\/pages"}],"about":[{"href":"https:\/\/shopine.site\/ar\/wp-json\/wp\/v2\/types\/page"}],"author":[{"embeddable":true,"href":"https:\/\/shopine.site\/ar\/wp-json\/wp\/v2\/users\/1"}],"replies":[{"embeddable":true,"href":"https:\/\/shopine.site\/ar\/wp-json\/wp\/v2\/comments?post=16601"}],"version-history":[{"count":196,"href":"https:\/\/shopine.site\/ar\/wp-json\/wp\/v2\/pages\/16601\/revisions"}],"predecessor-version":[{"id":16812,"href":"https:\/\/shopine.site\/ar\/wp-json\/wp\/v2\/pages\/16601\/revisions\/16812"}],"wp:attachment":[{"href":"https:\/\/shopine.site\/ar\/wp-json\/wp\/v2\/media?parent=16601"}],"curies":[{"name":"wp","href":"https:\/\/api.w.org\/{rel}","templated":true}]}}