{"id":15385,"date":"2025-10-05T10:51:33","date_gmt":"2025-10-05T10:51:33","guid":{"rendered":"https:\/\/shopine.site\/?page_id=15385"},"modified":"2025-10-05T11:12:53","modified_gmt":"2025-10-05T11:12:53","slug":"modele-indisponible","status":"publish","type":"page","link":"https:\/\/shopine.site\/ar\/modele-indisponible\/","title":{"rendered":"Mod\u00e8le indisponible"},"content":{"rendered":"<style>.elementor-15385 .elementor-element.elementor-element-780d916{--display:flex;--flex-direction:column-reverse;--container-widget-width:calc( ( 1 - var( --container-widget-flex-grow ) ) * 100% );--container-widget-height:initial;--container-widget-flex-grow:0;--container-widget-align-self:initial;--flex-wrap-mobile:wrap;--justify-content:center;--align-items:center;--margin-top:60px;--margin-bottom:70px;--margin-left:0px;--margin-right:0px;}.elementor-15385 .elementor-element.elementor-element-482f0da{--display:flex;}.elementor-15385 .elementor-element.elementor-element-6492efb{text-align:center;color:#252525;}.elementor-15385 .elementor-element.elementor-element-b45d921{--display:flex;}.elementor-15385 .elementor-element.elementor-element-ddf6880{text-align:center;}.elementor-15385 .elementor-element.elementor-element-ddf6880 .elementor-heading-title{color:#000000;}@media(max-width:639px){.elementor-15385 .elementor-element.elementor-element-482f0da{--padding-top:0px;--padding-bottom:0px;--padding-left:0px;--padding-right:0px;}.elementor-15385 .elementor-element.elementor-element-6492efb{text-align:end;font-size:16px;}.elementor-15385 .elementor-element.elementor-element-b45d921{--padding-top:0px;--padding-bottom:0px;--padding-left:0px;--padding-right:0px;}.elementor-15385 .elementor-element.elementor-element-ddf6880 .elementor-heading-title{font-size:30px;}.elementor-15385 .elementor-element.elementor-element-ddf6880{padding:0px 0px 0px 0px;}}<\/style>\t\t<div data-elementor-type=\"wp-page\" data-elementor-id=\"15385\" class=\"elementor elementor-15385\">\n\t\t\t\t<div class=\"elementor-element elementor-element-780d916 e-flex e-con-boxed e-con e-parent\" data-id=\"780d916\" data-element_type=\"container\" data-e-type=\"container\">\n\t\t\t\t\t<div class=\"e-con-inner\">\n\t\t<div class=\"elementor-element elementor-element-482f0da e-con-full e-flex e-con e-child\" data-id=\"482f0da\" data-element_type=\"container\" data-e-type=\"container\">\n\t\t\t\t<div class=\"elementor-element elementor-element-6492efb elementor-widget elementor-widget-text-editor\" data-id=\"6492efb\" data-element_type=\"widget\" data-e-type=\"widget\" data-widget_type=\"text-editor.default\">\n\t\t\t\t\t\t\t\t\t<p data-start=\"356\" data-end=\"464\">\u0647\u0630\u0627 \u0627\u0644\u0646\u0645\u0648\u0630\u062c \u0644\u0645 \u064a\u062a\u0645 \u062a\u0637\u0648\u064a\u0631\u0647 \u0628\u0639\u062f \u0645\u0646 \u0642\u0628\u0644 \u0641\u0631\u064a\u0642\u0646\u0627\u060c \u0644\u0630\u0644\u0643 \u0641\u0647\u0648 \u063a\u064a\u0631 \u0645\u062a\u0627\u062d \u0628\u0639\u062f \u0641\u064a \u0627\u0644\u0625\u0635\u062f\u0627\u0631 \u0627\u0644\u0645\u0628\u0627\u0634\u0631<\/p><p data-start=\"466\" data-end=\"627\">\u0641\u064a \u0627\u0646\u062a\u0638\u0627\u0631 \u0625\u0646\u0634\u0627\u0626\u0647\u060c \u0646\u062f\u0639\u0648\u0643\u0645 \u0644\u0627\u0643\u062a\u0634\u0627\u0641 \u0646\u0645\u0627\u0630\u062c\u0646\u0627 \u0627\u0644\u0623\u062e\u0631\u0649 \u0627\u0644\u0645\u062a\u0648\u0641\u0631\u0629 \u0628\u0627\u0644\u0641\u0639\u0644 \u0644\u0644\u062d\u0635\u0648\u0644 \u0639\u0644\u0649 \u0644\u0645\u062d\u0629 \u0639\u0646 \u0623\u0633\u0644\u0648\u0628\u0646\u0627 \u0648\u062c\u0648\u062f\u0629 \u0645\u0648\u0627\u0642\u0639\u0646\u0627.<\/p><p data-start=\"629\" data-end=\"729\">\u0628\u0645\u062c\u0631\u062f \u062a\u0635\u0645\u064a\u0645 \u0647\u0630\u0627 \u0627\u0644\u0646\u0645\u0648\u0630\u062c\u060c \u0633\u064a\u062a\u0645 \u0639\u0631\u0636\u0647 \u0639\u0644\u0649 \u0627\u0644\u0625\u0646\u062a\u0631\u0646\u062a \u0644\u062a\u062a\u0645\u0643\u0646\u0648\u0627 \u0645\u0646 \u0645\u0634\u0627\u0647\u062f\u062a\u0647 \u0645\u0628\u0627\u0634\u0631\u0629\u064b.<\/p><p data-start=\"731\" data-end=\"784\">\u2728 \u0634\u0643\u0631\u064b\u0627 \u0644\u062a\u0641\u0647\u0645\u0643\u0645 \u0648\u0627\u0647\u062a\u0645\u0627\u0645\u0643\u0645!<\/p>\t\t\t\t\t\t\t\t<\/div>\n\t\t\t\t<\/div>\n\t\t<div class=\"elementor-element elementor-element-b45d921 e-con-full e-flex e-con e-child\" data-id=\"b45d921\" data-element_type=\"container\" data-e-type=\"container\">\n\t\t\t\t<div class=\"elementor-element elementor-element-ddf6880 elementor-widget elementor-widget-heading\" data-id=\"ddf6880\" data-element_type=\"widget\" data-e-type=\"widget\" data-widget_type=\"heading.default\">\n\t\t\t\t\t<h2 class=\"elementor-heading-title elementor-size-default\">\ud83d\udea7 \u0627\u0644\u0646\u0645\u0648\u0630\u062c \u0633\u064a\u0643\u0648\u0646 \u0645\u062a\u0627\u062d\u064b\u0627 \u0642\u0631\u064a\u0628\u064b\u0627<\/h2>\t\t\t\t<\/div>\n\t\t\t\t<div class=\"elementor-element elementor-element-64a7a88 elementor-widget elementor-widget-image\" data-id=\"64a7a88\" data-element_type=\"widget\" data-e-type=\"widget\" data-widget_type=\"image.default\">\n\t\t\t\t\t\t\t\t\t\t\t\t\t\t\t<img fetchpriority=\"high\" decoding=\"async\" width=\"500\" height=\"500\" src=\"https:\/\/shopine.site\/wp-content\/uploads\/2025\/10\/403-Error-Forbidden-bro.svg\" class=\"attachment-large size-large wp-image-15189\" alt=\"\" \/>\t\t\t\t\t\t\t\t\t\t\t\t\t\t\t<\/div>\n\t\t\t\t<\/div>\n\t\t\t\t\t<\/div>\n\t\t\t\t<\/div>\n\t\t\t\t<\/div>","protected":false},"excerpt":{"rendered":"<p>Ce mod\u00e8le n\u2019a pas encore \u00e9t\u00e9 d\u00e9velopp\u00e9 par notre \u00e9quipe, il n\u2019est donc pas encore visible en version live. En attendant sa cr\u00e9ation, nous vous invitons \u00e0 d\u00e9couvrir nos autres mod\u00e8les d\u00e9j\u00e0 disponibles pour avoir un aper\u00e7u de notre style et de la qualit\u00e9 de nos sites. D\u00e8s que ce&hellip;<\/p>","protected":false},"author":1,"featured_media":0,"parent":0,"menu_order":0,"comment_status":"closed","ping_status":"closed","template":"elementor_header_footer","meta":{"footnotes":""},"class_list":["post-15385","page","type-page","status-publish","hentry"],"_links":{"self":[{"href":"https:\/\/shopine.site\/ar\/wp-json\/wp\/v2\/pages\/15385","targetHints":{"allow":["GET"]}}],"collection":[{"href":"https:\/\/shopine.site\/ar\/wp-json\/wp\/v2\/pages"}],"about":[{"href":"https:\/\/shopine.site\/ar\/wp-json\/wp\/v2\/types\/page"}],"author":[{"embeddable":true,"href":"https:\/\/shopine.site\/ar\/wp-json\/wp\/v2\/users\/1"}],"replies":[{"embeddable":true,"href":"https:\/\/shopine.site\/ar\/wp-json\/wp\/v2\/comments?post=15385"}],"version-history":[{"count":13,"href":"https:\/\/shopine.site\/ar\/wp-json\/wp\/v2\/pages\/15385\/revisions"}],"predecessor-version":[{"id":15445,"href":"https:\/\/shopine.site\/ar\/wp-json\/wp\/v2\/pages\/15385\/revisions\/15445"}],"wp:attachment":[{"href":"https:\/\/shopine.site\/ar\/wp-json\/wp\/v2\/media?parent=15385"}],"curies":[{"name":"wp","href":"https:\/\/api.w.org\/{rel}","templated":true}]}}