{"id":15185,"date":"2025-10-01T06:53:36","date_gmt":"2025-10-01T06:53:36","guid":{"rendered":"https:\/\/shopine.site\/?page_id=15185"},"modified":"2025-10-05T10:53:36","modified_gmt":"2025-10-05T10:53:36","slug":"service-indisponible","status":"publish","type":"page","link":"https:\/\/shopine.site\/ar\/service-indisponible\/","title":{"rendered":"Service indisponible"},"content":{"rendered":"<style>.elementor-15185 .elementor-element.elementor-element-780d916{--display:flex;--flex-direction:column-reverse;--container-widget-width:calc( ( 1 - var( --container-widget-flex-grow ) ) * 100% );--container-widget-height:initial;--container-widget-flex-grow:0;--container-widget-align-self:initial;--flex-wrap-mobile:wrap;--justify-content:center;--align-items:center;--margin-top:60px;--margin-bottom:70px;--margin-left:0px;--margin-right:0px;}.elementor-15185 .elementor-element.elementor-element-482f0da{--display:flex;}.elementor-15185 .elementor-element.elementor-element-6492efb{color:#303030;}.elementor-15185 .elementor-element.elementor-element-b45d921{--display:flex;}.elementor-15185 .elementor-element.elementor-element-ddf6880{text-align:center;}.elementor-15185 .elementor-element.elementor-element-ddf6880 .elementor-heading-title{color:#000000;}@media(max-width:639px){.elementor-15185 .elementor-element.elementor-element-482f0da{--padding-top:0px;--padding-bottom:0px;--padding-left:0px;--padding-right:0px;}.elementor-15185 .elementor-element.elementor-element-6492efb{font-size:16px;}.elementor-15185 .elementor-element.elementor-element-b45d921{--padding-top:0px;--padding-bottom:0px;--padding-left:0px;--padding-right:0px;}.elementor-15185 .elementor-element.elementor-element-ddf6880 .elementor-heading-title{font-size:30px;}.elementor-15185 .elementor-element.elementor-element-ddf6880{padding:0px 0px 0px 0px;}}<\/style>\t\t<div data-elementor-type=\"wp-page\" data-elementor-id=\"15185\" class=\"elementor elementor-15185\">\n\t\t\t\t<div class=\"elementor-element elementor-element-780d916 e-flex e-con-boxed e-con e-parent\" data-id=\"780d916\" data-element_type=\"container\" data-e-type=\"container\">\n\t\t\t\t\t<div class=\"e-con-inner\">\n\t\t<div class=\"elementor-element elementor-element-482f0da e-con-full e-flex e-con e-child\" data-id=\"482f0da\" data-element_type=\"container\" data-e-type=\"container\">\n\t\t\t\t<div class=\"elementor-element elementor-element-6492efb elementor-widget elementor-widget-text-editor\" data-id=\"6492efb\" data-element_type=\"widget\" data-e-type=\"widget\" data-widget_type=\"text-editor.default\">\n\t\t\t\t\t\t\t\t\t<p>Ce mod\u00e8le n\u2019est pas encore disponible en version live.<br data-start=\"481\" data-end=\"484\" \/>Mais pas d\u2019inqui\u00e9tude !<\/p><p>Nous pouvons le cr\u00e9er <strong data-start=\"536\" data-end=\"566\">sur commande personnalis\u00e9e<\/strong> pour votre projet.<br data-start=\"585\" data-end=\"588\" \/>Il inclut :<\/p><ol><li>\u00a0Design professionnel adapt\u00e9 \u00e0 votre activit\u00e9<\/li><li>\u00a0Pages configur\u00e9es selon vos besoins<\/li><li>\u00a0Optimisation mobile et responsive<\/li><li>\u00a0Installation et mise en ligne<\/li><\/ol><p data-start=\"764\" data-end=\"856\">\ud83d\udce9 Contactez-nous d\u00e8s maintenant pour commander ce mod\u00e8le et l\u2019adapter \u00e0 votre entreprise.<\/p>\t\t\t\t\t\t\t\t<\/div>\n\t\t\t\t<\/div>\n\t\t<div class=\"elementor-element elementor-element-b45d921 e-con-full e-flex e-con e-child\" data-id=\"b45d921\" data-element_type=\"container\" data-e-type=\"container\">\n\t\t\t\t<div class=\"elementor-element elementor-element-ddf6880 elementor-widget elementor-widget-heading\" data-id=\"ddf6880\" data-element_type=\"widget\" data-e-type=\"widget\" data-widget_type=\"heading.default\">\n\t\t\t\t\t<h2 class=\"elementor-heading-title elementor-size-default\">\ud83d\udea7 Mod\u00e8le temporairement indisponible<\/h2>\t\t\t\t<\/div>\n\t\t\t\t<div class=\"elementor-element elementor-element-64a7a88 elementor-widget elementor-widget-image\" data-id=\"64a7a88\" data-element_type=\"widget\" data-e-type=\"widget\" data-widget_type=\"image.default\">\n\t\t\t\t\t\t\t\t\t\t\t\t\t\t\t<img fetchpriority=\"high\" decoding=\"async\" width=\"500\" height=\"500\" src=\"https:\/\/shopine.site\/wp-content\/uploads\/2025\/10\/403-Error-Forbidden-bro.svg\" class=\"attachment-large size-large wp-image-15189\" alt=\"\" \/>\t\t\t\t\t\t\t\t\t\t\t\t\t\t\t<\/div>\n\t\t\t\t<\/div>\n\t\t\t\t\t<\/div>\n\t\t\t\t<\/div>\n\t\t\t\t<\/div>","protected":false},"excerpt":{"rendered":"<p>Ce mod\u00e8le n\u2019est pas encore disponible en version live.Mais pas d\u2019inqui\u00e9tude ! Nous pouvons le cr\u00e9er sur commande personnalis\u00e9e pour votre projet.Il inclut : \u00a0Design professionnel adapt\u00e9 \u00e0 votre activit\u00e9 \u00a0Pages configur\u00e9es selon vos besoins \u00a0Optimisation mobile et responsive \u00a0Installation et mise en ligne \ud83d\udce9 Contactez-nous d\u00e8s maintenant pour commander&hellip;<\/p>","protected":false},"author":1,"featured_media":0,"parent":0,"menu_order":0,"comment_status":"closed","ping_status":"closed","template":"elementor_header_footer","meta":{"footnotes":""},"class_list":["post-15185","page","type-page","status-publish","hentry"],"_links":{"self":[{"href":"https:\/\/shopine.site\/ar\/wp-json\/wp\/v2\/pages\/15185","targetHints":{"allow":["GET"]}}],"collection":[{"href":"https:\/\/shopine.site\/ar\/wp-json\/wp\/v2\/pages"}],"about":[{"href":"https:\/\/shopine.site\/ar\/wp-json\/wp\/v2\/types\/page"}],"author":[{"embeddable":true,"href":"https:\/\/shopine.site\/ar\/wp-json\/wp\/v2\/users\/1"}],"replies":[{"embeddable":true,"href":"https:\/\/shopine.site\/ar\/wp-json\/wp\/v2\/comments?post=15185"}],"version-history":[{"count":28,"href":"https:\/\/shopine.site\/ar\/wp-json\/wp\/v2\/pages\/15185\/revisions"}],"predecessor-version":[{"id":15398,"href":"https:\/\/shopine.site\/ar\/wp-json\/wp\/v2\/pages\/15185\/revisions\/15398"}],"wp:attachment":[{"href":"https:\/\/shopine.site\/ar\/wp-json\/wp\/v2\/media?parent=15185"}],"curies":[{"name":"wp","href":"https:\/\/api.w.org\/{rel}","templated":true}]}}